{"id":884,"date":"2014-09-19T15:29:48","date_gmt":"2014-09-19T19:29:48","guid":{"rendered":"https:\/\/santexpress.qc.ca\/en\/page-3\/"},"modified":"2022-05-16T12:55:27","modified_gmt":"2022-05-16T16:55:27","slug":"sampling","status":"publish","type":"page","link":"https:\/\/santexpress.qc.ca\/en\/sampling\/","title":{"rendered":"SAMPLING"},"content":{"rendered":"\n<div class=\"wp-block-caxton-grid relative  vw-100 clippy\"><div class=\"absolute absolute--fill\"><div class=\"absolute absolute--fill cover bg-center\" style=\"background-color:;background-image:linear-gradient( );background-image:url(https:\/\/santexpress.qc.ca\/wp-content\/uploads\/2022\/04\/prelevements2.jpg);background-attachment:fixed;\"><\/div><div class=\"absolute absolute--fill\" style=\"background-color:;background-image:linear-gradient( );opacity:1;\"><\/div><\/div><div class=\"relative caxton-columns caxton-grid-block\" style=\"padding-top:0;padding-left:0;padding-bottom:0;padding-right:0;grid-template-columns:repeat(12, 1fr)\" data-tablet-css=\"padding-left:em;padding-right:em;\" data-mobile-css=\"padding-left:em;padding-right:em;\">\n<div class=\"wp-block-caxton-section relative mobilepix\" style=\"grid-area:span 1\/span 12\"><div class=\"absolute absolute--fill\"><div class=\"absolute absolute--fill cover bg-center\" style=\"background-color:;background-image:linear-gradient( );\"><\/div><div class=\"absolute absolute--fill\" style=\"background-color:;background-image:linear-gradient( );opacity:1;\"><\/div><\/div><div class=\"relative caxton-section-block\" style=\"padding-top:5px;padding-left:5px;padding-bottom:5px;padding-right:5px\" data-mobile-css=\"padding-left:1em;padding-right:1em;\" data-tablet-css=\"padding-left:1em;padding-right:1em;\">\n<div style=\"height:170px\" aria-hidden=\"true\" class=\"wp-block-spacer\"><\/div>\n\n\n\n<h1 class=\"has-text-align-center wp-block-heading\"><mark style=\"background-color:rgba(0, 0, 0, 0)\" class=\"has-inline-color has-white-color\">SAMPLING<\/mark><\/h1>\n\n\n\n<p><\/p>\n\n\n\n<div style=\"height:140px\" aria-hidden=\"true\" class=\"wp-block-spacer\"><\/div>\n<\/div><\/div>\n<\/div><\/div>\n\n\n\n<div style=\"height:38px\" aria-hidden=\"true\" class=\"wp-block-spacer\"><\/div>\n\n\n\n<div class=\"wp-block-caxton-grid relative\"><div class=\"absolute absolute--fill\"><div class=\"absolute absolute--fill cover bg-center\" style=\"background-color:;background-image:linear-gradient( );\"><\/div><div class=\"absolute absolute--fill\" style=\"background-color:;background-image:linear-gradient( );opacity:1;\"><\/div><\/div><div class=\"relative caxton-columns caxton-grid-block grid-gap-none\" style=\"padding-top:0;padding-left:0;padding-bottom:0;padding-right:0;grid-template-columns:repeat(12, 1fr)\" data-tablet-css=\"padding-left:em;padding-right:em;\" data-mobile-css=\"padding-left:em;padding-right:em;\">\n<div class=\"wp-block-caxton-section relative\" style=\"grid-area:span 1\/span 3\"><div class=\"absolute absolute--fill\"><div class=\"absolute absolute--fill cover bg-center\" style=\"background-color:;background-image:linear-gradient( );\"><\/div><div class=\"absolute absolute--fill\" style=\"background-color:;background-image:linear-gradient( );opacity:1;\"><\/div><\/div><div class=\"relative caxton-section-block\" style=\"padding-top:5px;padding-left:5px;padding-bottom:5px;padding-right:5px\" data-mobile-css=\"padding-left:5em;padding-right:5em;\" data-tablet-css=\"padding-left:5em;padding-right:5em;\">\n<figure class=\"wp-block-image size-large animated fadeInLeft\"><img loading=\"lazy\" decoding=\"async\" width=\"700\" height=\"700\" src=\"https:\/\/santexpress.qc.ca\/wp-content\/uploads\/2022\/04\/noun-sample-4768289.png\" alt=\"\" class=\"wp-image-1835\" srcset=\"https:\/\/santexpress.qc.ca\/wp-content\/uploads\/2022\/04\/noun-sample-4768289.png 700w, https:\/\/santexpress.qc.ca\/wp-content\/uploads\/2022\/04\/noun-sample-4768289-300x300.png 300w, https:\/\/santexpress.qc.ca\/wp-content\/uploads\/2022\/04\/noun-sample-4768289-150x150.png 150w, https:\/\/santexpress.qc.ca\/wp-content\/uploads\/2022\/04\/noun-sample-4768289-75x75.png 75w, https:\/\/santexpress.qc.ca\/wp-content\/uploads\/2022\/04\/noun-sample-4768289-24x24.png 24w, https:\/\/santexpress.qc.ca\/wp-content\/uploads\/2022\/04\/noun-sample-4768289-36x36.png 36w, https:\/\/santexpress.qc.ca\/wp-content\/uploads\/2022\/04\/noun-sample-4768289-48x48.png 48w\" sizes=\"(max-width: 700px) 100vw, 700px\" \/><\/figure>\n\n\n\n<p><\/p>\n<\/div><\/div>\n\n\n\n<div class=\"wp-block-caxton-section relative animated fadeInUp\" style=\"grid-area:span 1\/span 9\"><div class=\"absolute absolute--fill\"><div class=\"absolute absolute--fill cover bg-center\" style=\"background-color:;background-image:linear-gradient( );\"><\/div><div class=\"absolute absolute--fill\" style=\"background-color:;background-image:linear-gradient( );opacity:1;\"><\/div><\/div><div class=\"relative caxton-section-block\" style=\"padding-top:80px;padding-left:5px;padding-bottom:5px;padding-right:5px\" data-mobile-css=\"padding-left:1em;padding-right:1em;\" data-tablet-css=\"padding-left:1em;padding-right:1em;\">\n<p>In addition to vaccinations, Groupe Sant\u00e9 Express clinic offers blood sampling, urine testing, stool testing and medical analysis services.<br>With your medical prescription in hand, the service is simple, fast and there is no registration fee.<\/p>\n<\/div><\/div>\n<\/div><\/div>\n\n\n\n<div class=\"wp-block-caxton-grid relative  vw-100\"><div class=\"absolute absolute--fill\"><div class=\"absolute absolute--fill cover bg-center\" style=\"background-color:;background-image:linear-gradient( );\"><\/div><div class=\"absolute absolute--fill\" style=\"background-color:;background-image:linear-gradient( );opacity:1;\"><\/div><\/div><div class=\"relative caxton-columns caxton-grid-block grid-gap-none\" style=\"padding-top:0;padding-left:0;padding-bottom:0;padding-right:0;grid-template-columns:repeat(12, 1fr)\" data-tablet-css=\"padding-left:em;padding-right:em;\" data-mobile-css=\"padding-left:em;padding-right:em;\">\n<div class=\"wp-block-caxton-section relative mobilepix animated fadeIn\" style=\"grid-area:span 1\/span 6\"><div class=\"absolute absolute--fill\"><div class=\"absolute absolute--fill cover bg-center\" style=\"background-color:;background-image:linear-gradient( );background-image:url(https:\/\/santexpress.qc.ca\/wp-content\/uploads\/2022\/04\/woman-5857746_1920.jpg);\"><\/div><div class=\"absolute absolute--fill\" style=\"background-color:;background-image:linear-gradient( );opacity:1;\"><\/div><\/div><div class=\"relative caxton-section-block\" style=\"padding-top:5px;padding-left:5px;padding-bottom:5px;padding-right:5px\" data-mobile-css=\"padding-left:1em;padding-right:1em;\" data-tablet-css=\"padding-left:1em;padding-right:1em;\"><\/div><\/div>\n\n\n\n<div class=\"wp-block-caxton-section relative animated fadeIn\" style=\"grid-area:span 1\/span 6\"><div class=\"absolute absolute--fill\"><div class=\"absolute absolute--fill cover bg-center\" style=\"background-color:#f7f7f7;background-image:linear-gradient( #f7f7f7);\"><\/div><div class=\"absolute absolute--fill\" style=\"background-color:#f7f7f7;background-image:linear-gradient( #f7f7f7);opacity:1;\"><\/div><\/div><div class=\"relative caxton-section-block\" style=\"padding-top:50px;padding-left:40px;padding-bottom:35px;padding-right:40px\" data-mobile-css=\"padding-left:2em;padding-right:2em;\" data-tablet-css=\"padding-left:2em;padding-right:2em;\">\n<h2 class=\"wp-block-heading\">For pregnant women<\/h2>\n\n\n\n<p>We offer two prenatal screening tests for genetic disorders, the Panorama\u00ae and the Harmony\u00ae.<\/p>\n\n\n\n<p>See all the details in the &#8220;<a href=\"\/en\/maternity\"><mark style=\"background-color:rgba(0, 0, 0, 0)\" class=\"has-inline-color has-vivid-red-color\">Perinatality<\/mark><\/a>&#8221; section.<\/p>\n\n\n\n<p>For the analysis of the tests and samples, we offer two possibilities, each with different costs. In all cases, you will receive a receipt. The fees are generally applicable to the medical expenses of your tax returns.<\/p>\n<\/div><\/div>\n<\/div><\/div>\n\n\n\n<div class=\"wp-block-caxton-grid relative  vw-100\"><div class=\"absolute absolute--fill\"><div class=\"absolute absolute--fill cover bg-center\" style=\"background-color:;background-image:linear-gradient( );\"><\/div><div class=\"absolute absolute--fill\" style=\"background-color:;background-image:linear-gradient( );opacity:1;\"><\/div><\/div><div class=\"relative caxton-columns caxton-grid-block grid-gap-none\" style=\"padding-top:0;padding-left:0;padding-bottom:0;padding-right:0;grid-template-columns:repeat(12, 1fr)\" data-tablet-css=\"padding-left:em;padding-right:em;\" data-mobile-css=\"padding-left:em;padding-right:em;\">\n<div class=\"wp-block-caxton-section relative mobilepix animated fadeIn labo\" style=\"grid-area:span 1\/span 6\"><div class=\"absolute absolute--fill\"><div class=\"absolute absolute--fill cover bg-center\" style=\"background-color:;background-image:linear-gradient( );\"><\/div><div class=\"absolute absolute--fill\" style=\"background-color:;background-image:linear-gradient( );opacity:1;\"><\/div><\/div><div class=\"relative caxton-section-block\" style=\"padding-top:75px;padding-left:80px;padding-bottom:75px;padding-right:40px\" data-mobile-css=\"padding-left:2em;padding-right:2em;\" data-tablet-css=\"padding-left:2em;padding-right:2em;\">\n<h2 class=\"wp-block-heading\">Private lab<\/h2>\n\n\n\n<p>We have been working with a recognized and accredited external private laboratory for several years. Fees vary depending on the request and are covered by most private insurance companies.<\/p>\n\n\n\n<h2 class=\"wp-block-heading\">Hospital laboratory<\/h2>\n\n\n\n<p>You can also choose to have your tests or samples analyzed at a local hospital. In this way, only the professional service and specimen transport fees are charged.<\/p>\n<\/div><\/div>\n\n\n\n<div class=\"wp-block-caxton-section relative animated fadeIn mobilepix\" style=\"grid-area:span 1\/span 6\"><div class=\"absolute absolute--fill\"><div class=\"absolute absolute--fill cover bg-center\" style=\"background-color:undefined;background-image:linear-gradient( undefined);background-image:url(https:\/\/santexpress.qc.ca\/wp-content\/uploads\/2022\/04\/lab-3498584_1920.jpg);\"><\/div><div class=\"absolute absolute--fill\" style=\"background-color:undefined;background-image:linear-gradient( undefined);opacity:1;\"><\/div><\/div><div class=\"relative caxton-section-block\" style=\"padding-top:50px;padding-left:40px;padding-bottom:35px;padding-right:40px\" data-mobile-css=\"padding-left:1em;padding-right:1em;\" data-tablet-css=\"padding-left:1em;padding-right:1em;\"><\/div><\/div>\n<\/div><\/div>\n","protected":false},"excerpt":{"rendered":"","protected":false},"author":5,"featured_media":696,"parent":0,"menu_order":0,"comment_status":"closed","ping_status":"closed","template":"","meta":{"advgb_blocks_editor_width":"","advgb_blocks_columns_visual_guide":"","_genesis_hide_title":false,"_genesis_hide_breadcrumbs":false,"_genesis_hide_singular_image":false,"_genesis_hide_footer_widgets":false,"_genesis_custom_body_class":"","_genesis_custom_post_class":"","_genesis_layout":"full-width-content","footnotes":""},"class_list":{"0":"post-884","1":"page","2":"type-page","3":"status-publish","4":"has-post-thumbnail","6":"entry"},"yoast_head":"<!-- This site is optimized with the Yoast SEO plugin v25.6 - https:\/\/yoast.com\/wordpress\/plugins\/seo\/ -->\n<title>SAMPLING | Groupe Sant\u00e9 Express<\/title>\n<meta name=\"description\" content=\"La clinique Groupe Sant\u00e9 Express offre les services de pr\u00e9l\u00e8vements sanguins, de tests d\u2019urine, de tests des selles et d\u2019analyses m\u00e9dicales.\" \/>\n<meta name=\"robots\" content=\"index, follow, max-snippet:-1, max-image-preview:large, max-video-preview:-1\" \/>\n<link rel=\"canonical\" href=\"https:\/\/santexpress.qc.ca\/en\/sampling\/\" \/>\n<meta property=\"og:locale\" content=\"en_US\" \/>\n<meta property=\"og:type\" content=\"article\" \/>\n<meta property=\"og:title\" content=\"SAMPLING | Groupe Sant\u00e9 Express\" \/>\n<meta property=\"og:description\" content=\"La clinique Groupe Sant\u00e9 Express offre les services de pr\u00e9l\u00e8vements sanguins, de tests d\u2019urine, de tests des selles et d\u2019analyses m\u00e9dicales.\" \/>\n<meta property=\"og:url\" content=\"https:\/\/santexpress.qc.ca\/en\/sampling\/\" \/>\n<meta property=\"og:site_name\" content=\"Groupe Sant\u00e9 Express\" \/>\n<meta property=\"article:modified_time\" content=\"2022-05-16T16:55:27+00:00\" \/>\n<meta property=\"og:image\" content=\"https:\/\/santexpress.qc.ca\/wp-content\/uploads\/2014\/09\/placeholder-2.jpg\" \/>\n\t<meta property=\"og:image:width\" content=\"640\" \/>\n\t<meta property=\"og:image:height\" content=\"480\" \/>\n\t<meta property=\"og:image:type\" content=\"image\/jpeg\" \/>\n<meta name=\"twitter:label1\" content=\"Est. reading time\" \/>\n\t<meta name=\"twitter:data1\" content=\"2 minutes\" \/>\n<script type=\"application\/ld+json\" class=\"yoast-schema-graph\">{\"@context\":\"https:\/\/schema.org\",\"@graph\":[{\"@type\":\"WebPage\",\"@id\":\"https:\/\/santexpress.qc.ca\/en\/sampling\/\",\"url\":\"https:\/\/santexpress.qc.ca\/en\/sampling\/\",\"name\":\"SAMPLING | Groupe Sant\u00e9 Express\",\"isPartOf\":{\"@id\":\"https:\/\/santexpress.qc.ca\/en\/#website\"},\"primaryImageOfPage\":{\"@id\":\"https:\/\/santexpress.qc.ca\/en\/sampling\/#primaryimage\"},\"image\":{\"@id\":\"https:\/\/santexpress.qc.ca\/en\/sampling\/#primaryimage\"},\"thumbnailUrl\":\"https:\/\/santexpress.qc.ca\/wp-content\/uploads\/2014\/09\/placeholder-2.jpg\",\"datePublished\":\"2014-09-19T19:29:48+00:00\",\"dateModified\":\"2022-05-16T16:55:27+00:00\",\"description\":\"La clinique Groupe Sant\u00e9 Express offre les services de pr\u00e9l\u00e8vements sanguins, de tests d\u2019urine, de tests des selles et d\u2019analyses m\u00e9dicales.\",\"breadcrumb\":{\"@id\":\"https:\/\/santexpress.qc.ca\/en\/sampling\/#breadcrumb\"},\"inLanguage\":\"en-US\",\"potentialAction\":[{\"@type\":\"ReadAction\",\"target\":[\"https:\/\/santexpress.qc.ca\/en\/sampling\/\"]}]},{\"@type\":\"ImageObject\",\"inLanguage\":\"en-US\",\"@id\":\"https:\/\/santexpress.qc.ca\/en\/sampling\/#primaryimage\",\"url\":\"https:\/\/santexpress.qc.ca\/wp-content\/uploads\/2014\/09\/placeholder-2.jpg\",\"contentUrl\":\"https:\/\/santexpress.qc.ca\/wp-content\/uploads\/2014\/09\/placeholder-2.jpg\",\"width\":640,\"height\":480},{\"@type\":\"BreadcrumbList\",\"@id\":\"https:\/\/santexpress.qc.ca\/en\/sampling\/#breadcrumb\",\"itemListElement\":[{\"@type\":\"ListItem\",\"position\":1,\"name\":\"Home\",\"item\":\"https:\/\/santexpress.qc.ca\/en\/\"},{\"@type\":\"ListItem\",\"position\":2,\"name\":\"SAMPLING\"}]},{\"@type\":\"WebSite\",\"@id\":\"https:\/\/santexpress.qc.ca\/en\/#website\",\"url\":\"https:\/\/santexpress.qc.ca\/en\/\",\"name\":\"Groupe Sant\u00e9 Express\",\"description\":\"\",\"publisher\":{\"@id\":\"https:\/\/santexpress.qc.ca\/en\/#organization\"},\"potentialAction\":[{\"@type\":\"SearchAction\",\"target\":{\"@type\":\"EntryPoint\",\"urlTemplate\":\"https:\/\/santexpress.qc.ca\/en\/?s={search_term_string}\"},\"query-input\":{\"@type\":\"PropertyValueSpecification\",\"valueRequired\":true,\"valueName\":\"search_term_string\"}}],\"inLanguage\":\"en-US\"},{\"@type\":\"Organization\",\"@id\":\"https:\/\/santexpress.qc.ca\/en\/#organization\",\"name\":\"Le Groupe Sant\u00e9 Express\",\"url\":\"https:\/\/santexpress.qc.ca\/en\/\",\"logo\":{\"@type\":\"ImageObject\",\"inLanguage\":\"en-US\",\"@id\":\"https:\/\/santexpress.qc.ca\/en\/#\/schema\/logo\/image\/\",\"url\":\"https:\/\/santexpress.qc.ca\/wp-content\/uploads\/2022\/04\/logo2.png\",\"contentUrl\":\"https:\/\/santexpress.qc.ca\/wp-content\/uploads\/2022\/04\/logo2.png\",\"width\":250,\"height\":113,\"caption\":\"Le Groupe Sant\u00e9 Express\"},\"image\":{\"@id\":\"https:\/\/santexpress.qc.ca\/en\/#\/schema\/logo\/image\/\"}}]}<\/script>\n<!-- \/ Yoast SEO plugin. -->","yoast_head_json":{"title":"SAMPLING | Groupe Sant\u00e9 Express","description":"La clinique Groupe Sant\u00e9 Express offre les services de pr\u00e9l\u00e8vements sanguins, de tests d\u2019urine, de tests des selles et d\u2019analyses m\u00e9dicales.","robots":{"index":"index","follow":"follow","max-snippet":"max-snippet:-1","max-image-preview":"max-image-preview:large","max-video-preview":"max-video-preview:-1"},"canonical":"https:\/\/santexpress.qc.ca\/en\/sampling\/","og_locale":"en_US","og_type":"article","og_title":"SAMPLING | Groupe Sant\u00e9 Express","og_description":"La clinique Groupe Sant\u00e9 Express offre les services de pr\u00e9l\u00e8vements sanguins, de tests d\u2019urine, de tests des selles et d\u2019analyses m\u00e9dicales.","og_url":"https:\/\/santexpress.qc.ca\/en\/sampling\/","og_site_name":"Groupe Sant\u00e9 Express","article_modified_time":"2022-05-16T16:55:27+00:00","og_image":[{"width":640,"height":480,"url":"https:\/\/santexpress.qc.ca\/wp-content\/uploads\/2014\/09\/placeholder-2.jpg","type":"image\/jpeg"}],"twitter_misc":{"Est. reading time":"2 minutes"},"schema":{"@context":"https:\/\/schema.org","@graph":[{"@type":"WebPage","@id":"https:\/\/santexpress.qc.ca\/en\/sampling\/","url":"https:\/\/santexpress.qc.ca\/en\/sampling\/","name":"SAMPLING | Groupe Sant\u00e9 Express","isPartOf":{"@id":"https:\/\/santexpress.qc.ca\/en\/#website"},"primaryImageOfPage":{"@id":"https:\/\/santexpress.qc.ca\/en\/sampling\/#primaryimage"},"image":{"@id":"https:\/\/santexpress.qc.ca\/en\/sampling\/#primaryimage"},"thumbnailUrl":"https:\/\/santexpress.qc.ca\/wp-content\/uploads\/2014\/09\/placeholder-2.jpg","datePublished":"2014-09-19T19:29:48+00:00","dateModified":"2022-05-16T16:55:27+00:00","description":"La clinique Groupe Sant\u00e9 Express offre les services de pr\u00e9l\u00e8vements sanguins, de tests d\u2019urine, de tests des selles et d\u2019analyses m\u00e9dicales.","breadcrumb":{"@id":"https:\/\/santexpress.qc.ca\/en\/sampling\/#breadcrumb"},"inLanguage":"en-US","potentialAction":[{"@type":"ReadAction","target":["https:\/\/santexpress.qc.ca\/en\/sampling\/"]}]},{"@type":"ImageObject","inLanguage":"en-US","@id":"https:\/\/santexpress.qc.ca\/en\/sampling\/#primaryimage","url":"https:\/\/santexpress.qc.ca\/wp-content\/uploads\/2014\/09\/placeholder-2.jpg","contentUrl":"https:\/\/santexpress.qc.ca\/wp-content\/uploads\/2014\/09\/placeholder-2.jpg","width":640,"height":480},{"@type":"BreadcrumbList","@id":"https:\/\/santexpress.qc.ca\/en\/sampling\/#breadcrumb","itemListElement":[{"@type":"ListItem","position":1,"name":"Home","item":"https:\/\/santexpress.qc.ca\/en\/"},{"@type":"ListItem","position":2,"name":"SAMPLING"}]},{"@type":"WebSite","@id":"https:\/\/santexpress.qc.ca\/en\/#website","url":"https:\/\/santexpress.qc.ca\/en\/","name":"Groupe Sant\u00e9 Express","description":"","publisher":{"@id":"https:\/\/santexpress.qc.ca\/en\/#organization"},"potentialAction":[{"@type":"SearchAction","target":{"@type":"EntryPoint","urlTemplate":"https:\/\/santexpress.qc.ca\/en\/?s={search_term_string}"},"query-input":{"@type":"PropertyValueSpecification","valueRequired":true,"valueName":"search_term_string"}}],"inLanguage":"en-US"},{"@type":"Organization","@id":"https:\/\/santexpress.qc.ca\/en\/#organization","name":"Le Groupe Sant\u00e9 Express","url":"https:\/\/santexpress.qc.ca\/en\/","logo":{"@type":"ImageObject","inLanguage":"en-US","@id":"https:\/\/santexpress.qc.ca\/en\/#\/schema\/logo\/image\/","url":"https:\/\/santexpress.qc.ca\/wp-content\/uploads\/2022\/04\/logo2.png","contentUrl":"https:\/\/santexpress.qc.ca\/wp-content\/uploads\/2022\/04\/logo2.png","width":250,"height":113,"caption":"Le Groupe Sant\u00e9 Express"},"image":{"@id":"https:\/\/santexpress.qc.ca\/en\/#\/schema\/logo\/image\/"}}]}},"coauthors":[],"author_meta":{"author_link":"https:\/\/santexpress.qc.ca\/en\/author\/editor\/","display_name":"editor"},"relative_dates":{"created":"Posted 12 years ago","modified":"Updated 4 years ago"},"absolute_dates":{"created":"Posted on 19 September 2014","modified":"Updated on 16 May 2022"},"absolute_dates_time":{"created":"Posted on 19 September 2014 15 h 29 min","modified":"Updated on 16 May 2022 12 h 55 min"},"featured_img_caption":"","featured_img":"https:\/\/santexpress.qc.ca\/wp-content\/uploads\/2014\/09\/placeholder-2.jpg","series_order":"","_links":{"self":[{"href":"https:\/\/santexpress.qc.ca\/en\/wp-json\/wp\/v2\/pages\/884"}],"collection":[{"href":"https:\/\/santexpress.qc.ca\/en\/wp-json\/wp\/v2\/pages"}],"about":[{"href":"https:\/\/santexpress.qc.ca\/en\/wp-json\/wp\/v2\/types\/page"}],"author":[{"embeddable":true,"href":"https:\/\/santexpress.qc.ca\/en\/wp-json\/wp\/v2\/users\/5"}],"replies":[{"embeddable":true,"href":"https:\/\/santexpress.qc.ca\/en\/wp-json\/wp\/v2\/comments?post=884"}],"version-history":[{"count":29,"href":"https:\/\/santexpress.qc.ca\/en\/wp-json\/wp\/v2\/pages\/884\/revisions"}],"predecessor-version":[{"id":2396,"href":"https:\/\/santexpress.qc.ca\/en\/wp-json\/wp\/v2\/pages\/884\/revisions\/2396"}],"wp:featuredmedia":[{"embeddable":true,"href":"https:\/\/santexpress.qc.ca\/en\/wp-json\/wp\/v2\/media\/696"}],"wp:attachment":[{"href":"https:\/\/santexpress.qc.ca\/en\/wp-json\/wp\/v2\/media?parent=884"}],"curies":[{"name":"wp","href":"https:\/\/api.w.org\/{rel}","templated":true}]}}