{"id":2136,"date":"2014-10-27T04:38:01","date_gmt":"2014-10-27T08:38:01","guid":{"rendered":"https:\/\/santexpress.qc.ca\/contact\/"},"modified":"2026-03-31T13:43:34","modified_gmt":"2026-03-31T17:43:34","slug":"contact-us","status":"publish","type":"page","link":"https:\/\/santexpress.qc.ca\/en\/contact-us\/","title":{"rendered":"CONTACT US"},"content":{"rendered":"\n<div class=\"wp-block-caxton-grid relative  vw-100\"><div class=\"absolute absolute--fill\"><div class=\"absolute absolute--fill cover bg-center\" style=\"background-color:;background-image:linear-gradient( );background-image:url(https:\/\/santexpress.qc.ca\/wp-content\/uploads\/2022\/04\/PC35200-3-scaled.jpg);background-attachment:fixed;\"><\/div><div class=\"absolute absolute--fill\" style=\"background-color:;background-image:linear-gradient( );opacity:1;\"><\/div><\/div><div class=\"relative caxton-columns caxton-grid-block\" style=\"padding-top:0;padding-left:0;padding-bottom:0;padding-right:0;grid-template-columns:repeat(12, 1fr)\" data-tablet-css=\"padding-left:em;padding-right:em;\" data-mobile-css=\"padding-left:em;padding-right:em;\">\n<div class=\"wp-block-caxton-section relative mobilepix\" style=\"grid-area:span 1\/span 12\"><div class=\"absolute absolute--fill\"><div class=\"absolute absolute--fill cover bg-center\" style=\"background-color:;background-image:linear-gradient( );\"><\/div><div class=\"absolute absolute--fill\" style=\"background-color:;background-image:linear-gradient( );opacity:1;\"><\/div><\/div><div class=\"relative caxton-section-block\" style=\"padding-top:5px;padding-left:5px;padding-bottom:5px;padding-right:5px\" data-mobile-css=\"padding-left:1em;padding-right:1em;\" data-tablet-css=\"padding-left:1em;padding-right:1em;\">\n<div style=\"height:170px\" aria-hidden=\"true\" class=\"wp-block-spacer\"><\/div>\n\n\n\n<h1 class=\"wp-block-heading has-text-align-center\"><mark style=\"background-color:rgba(0, 0, 0, 0)\" class=\"has-inline-color has-white-color\">CONTACT US<\/mark><\/h1>\n\n\n\n<p><\/p>\n\n\n\n<div style=\"height:140px\" aria-hidden=\"true\" class=\"wp-block-spacer\"><\/div>\n<\/div><\/div>\n<\/div><\/div>\n\n\n\n<div style=\"height:41px\" aria-hidden=\"true\" class=\"wp-block-spacer\"><\/div>\n\n\n<div class=\"wp-block-image animated fadeInUp\">\n<figure class=\"aligncenter size-large is-resized\"><img loading=\"lazy\" decoding=\"async\" width=\"512\" height=\"512\" src=\"https:\/\/santexpress.qc.ca\/wp-content\/uploads\/2022\/04\/cropped-favicon.png\" alt=\"\" class=\"wp-image-1186\" style=\"width:77px;height:77px\" srcset=\"https:\/\/santexpress.qc.ca\/wp-content\/uploads\/2022\/04\/cropped-favicon.png 512w, https:\/\/santexpress.qc.ca\/wp-content\/uploads\/2022\/04\/cropped-favicon-300x300.png 300w, https:\/\/santexpress.qc.ca\/wp-content\/uploads\/2022\/04\/cropped-favicon-150x150.png 150w, https:\/\/santexpress.qc.ca\/wp-content\/uploads\/2022\/04\/cropped-favicon-75x75.png 75w, https:\/\/santexpress.qc.ca\/wp-content\/uploads\/2022\/04\/cropped-favicon-270x270.png 270w, https:\/\/santexpress.qc.ca\/wp-content\/uploads\/2022\/04\/cropped-favicon-192x192.png 192w, https:\/\/santexpress.qc.ca\/wp-content\/uploads\/2022\/04\/cropped-favicon-180x180.png 180w, https:\/\/santexpress.qc.ca\/wp-content\/uploads\/2022\/04\/cropped-favicon-32x32.png 32w\" sizes=\"(max-width: 512px) 100vw, 512px\" \/><\/figure><\/div>\n\n\n<p class=\"has-text-align-center\">The Groupe Sant\u00e9 Express clinic is located in the heart of Laval, a few steps away from the World Currency Exchange. We are open Monday to Saturday from 7:00 a.m., by appointment.<\/p>\n\n\n\n<div style=\"height:51px\" aria-hidden=\"true\" class=\"wp-block-spacer\"><\/div>\n\n\n\n<div class=\"wp-block-caxton-grid relative  vw-100\"><div class=\"absolute absolute--fill\"><div class=\"absolute absolute--fill cover bg-center\" style=\"background-color:;background-image:linear-gradient( );\"><\/div><div class=\"absolute absolute--fill\" style=\"background-color:;background-image:linear-gradient( );opacity:1;\"><\/div><\/div><div class=\"relative caxton-columns caxton-grid-block grid-gap-none\" style=\"padding-top:0;padding-left:0;padding-bottom:0;padding-right:0;grid-template-columns:repeat(12, 1fr)\" data-tablet-css=\"padding-left:em;padding-right:em;\" data-mobile-css=\"padding-left:em;padding-right:em;\">\n<div class=\"wp-block-caxton-section relative animated fadeInLeft\" style=\"grid-area:span 1\/span 4\"><div class=\"absolute absolute--fill\"><div class=\"absolute absolute--fill cover bg-center\" style=\"background-color:;background-image:linear-gradient( );\"><\/div><div class=\"absolute absolute--fill\" style=\"background-color:;background-image:linear-gradient( );opacity:1;\"><\/div><\/div><div class=\"relative caxton-section-block\" style=\"padding-top:0;padding-left:0;padding-bottom:0;padding-right:0\" data-mobile-css=\"padding-left:1em;padding-right:1em;\" data-tablet-css=\"padding-left:1em;padding-right:1em;\">\n<iframe src=\"https:\/\/www.google.com\/maps\/embed?pb=!1m18!1m12!1m3!1d49786.899599603814!2d-73.73972605110234!3d45.58489373721159!2m3!1f0!2f0!3f0!3m2!1i1024!2i768!4f13.1!3m3!1m2!1s0x4cc9218f3bdfed49%3A0x715f61c1bee29b96!2s4%20Pl.%20Laval%2C%20Laval%2C%20QC%20H7N%205Y3!5e0!3m2!1sen!2sca!4v1650552194391!5m2!1sen!2sca\" style=\"border:0;\" allowfullscreen=\"\" loading=\"lazy\" referrerpolicy=\"no-referrer-when-downgrade\" width=\"100%\" height=\"400\"><\/iframe>\n<\/div><\/div>\n\n\n\n<div class=\"wp-block-caxton-section relative animated fadeInUp\" style=\"grid-area:span 1\/span 4\"><div class=\"absolute absolute--fill\"><div class=\"absolute absolute--fill cover bg-center\" style=\"background-color:#f7f7f7;background-image:linear-gradient( #f7f7f7);\"><\/div><div class=\"absolute absolute--fill\" style=\"background-color:#f7f7f7;background-image:linear-gradient( #f7f7f7);opacity:1;\"><\/div><\/div><div class=\"relative caxton-section-block\" style=\"padding-top:30px;padding-left:30px;padding-bottom:5px;padding-right:5px\" data-mobile-css=\"padding-left:2em;padding-right:2em;\" data-tablet-css=\"padding-left:2em;padding-right:2em;\">\n<h2 class=\"wp-block-heading\">Contact details<\/h2>\n\n\n\n<p><i class=\"fa fa-phone\" aria-hidden=\"true\"><\/i><span style=\"padding-left: 24px;\"><a href=\"tel:+14506687400\"><span style=\"color:#f00707\">450.668.7400<\/span><\/a><\/span><\/p>\n<p><i class=\"fa fa-fax\" aria-hidden=\"true\"><\/i>\n<span style=\"padding-left: 15px;\">450.668.5855<\/span><\/p>\n<p><i class=\"fa fa-at\" aria-hidden=\"true\"><\/i>\n<span style=\"padding-left: 18px;\">info@santexpress.qc.ca<\/span><\/p>\n<p><i class=\"fa fa-map-marker\" aria-hidden=\"true\"><\/i>\n<span style=\"padding-left: 18px;\">4 Place Laval, office 148, Laval, QC H7N 5Y3<\/span><\/p>\n\n\n\n<p style=\"font-size:10px\">Complimentary parking in the back for our customers. (Corner of Grenoble &amp; De Cassis)<\/p>\n<\/div><\/div>\n\n\n\n<div class=\"wp-block-caxton-section relative animated fadeInRight\" style=\"grid-area:span 1\/span 4\"><div class=\"absolute absolute--fill\"><div class=\"absolute absolute--fill cover bg-center\" style=\"background-color:#eaeaea;background-image:linear-gradient( #eaeaea);\"><\/div><div class=\"absolute absolute--fill\" style=\"background-color:#eaeaea;background-image:linear-gradient( #eaeaea);opacity:1;\"><\/div><\/div><div class=\"relative caxton-section-block\" style=\"padding-top:30px;padding-left:50px;padding-bottom:5px;padding-right:50px\" data-mobile-css=\"padding-left:1em;padding-right:1em;\" data-tablet-css=\"padding-left:1em;padding-right:1em;\">\n<h2 class=\"wp-block-heading\">Appointment<\/h2>\n\n\n\n<p>Book an appointment directly on our online platform.<\/p>\n\n\n\n<p>It&#8217;s simple, safe and effective. You can also contact us by phone and speak with a member of our team.<\/p>\n\n\n\n<meta charset=\"utf-8\">\n    <meta name=\"viewport\" content=\"width=device-width,initial-scale=1.0\">\n    <title>booxi booknow button example<\/title>\n    <!-- booxi script -->\n    <script id=\"booknowlib\" src=\"https:\/\/www.booxi.com\/booknow\/booknow.js\" async=\"\"><\/script>\n    <script src=\"https:\/\/www.google-analytics.com\/analytics.js\"><\/script>\n  \n  \n    <button class=\"code-booknow-button bx_bn_button use_bx_ico\" onclick=\"BookNow.open({apiKey:'dlfW4RnI1376326pT5I15S3HFY4i391u', language:'en'})\"> Book an appointment online now! <\/button>\n<\/div><\/div>\n<\/div><\/div>\n","protected":false},"excerpt":{"rendered":"<p>The Groupe Sant\u00e9 Express clinic is located in the heart of Laval, a few steps away from the World Currency Exchange. We are open Monday to Saturday from 7:00 a.m., by appointment.<\/p>\n","protected":false},"author":5,"featured_media":696,"parent":0,"menu_order":0,"comment_status":"closed","ping_status":"closed","template":"","meta":{"advgb_blocks_editor_width":"","advgb_blocks_columns_visual_guide":"","_genesis_hide_title":false,"_genesis_hide_breadcrumbs":false,"_genesis_hide_singular_image":false,"_genesis_hide_footer_widgets":false,"_genesis_custom_body_class":"","_genesis_custom_post_class":"","_genesis_layout":"","footnotes":""},"class_list":{"0":"post-2136","1":"page","2":"type-page","3":"status-publish","4":"has-post-thumbnail","6":"entry"},"yoast_head":"<!-- This site is optimized with the Yoast SEO plugin v25.6 - https:\/\/yoast.com\/wordpress\/plugins\/seo\/ -->\n<title>CONTACT US | Groupe Sant\u00e9 Express<\/title>\n<meta name=\"description\" content=\"La clinique Groupe Sant\u00e9 Express ouverts du lundi au samedi d\u00e8s 7 h sur rendez-vous et situ\u00e9e au c\u0153ur de Laval, \u00e0 quelques pas du bureau de devises mondiales.\" \/>\n<meta name=\"robots\" content=\"index, follow, max-snippet:-1, max-image-preview:large, max-video-preview:-1\" \/>\n<link rel=\"canonical\" href=\"https:\/\/santexpress.qc.ca\/en\/contact-us\/\" \/>\n<meta property=\"og:locale\" content=\"en_US\" \/>\n<meta property=\"og:type\" content=\"article\" \/>\n<meta property=\"og:title\" content=\"CONTACT US | Groupe Sant\u00e9 Express\" \/>\n<meta property=\"og:description\" content=\"La clinique Groupe Sant\u00e9 Express ouverts du lundi au samedi d\u00e8s 7 h sur rendez-vous et situ\u00e9e au c\u0153ur de Laval, \u00e0 quelques pas du bureau de devises mondiales.\" \/>\n<meta property=\"og:url\" content=\"https:\/\/santexpress.qc.ca\/en\/contact-us\/\" \/>\n<meta property=\"og:site_name\" content=\"Groupe Sant\u00e9 Express\" \/>\n<meta property=\"article:modified_time\" content=\"2026-03-31T17:43:34+00:00\" \/>\n<meta property=\"og:image\" content=\"https:\/\/santexpress.qc.ca\/wp-content\/uploads\/2014\/09\/placeholder-2.jpg\" \/>\n\t<meta property=\"og:image:width\" content=\"640\" \/>\n\t<meta property=\"og:image:height\" content=\"480\" \/>\n\t<meta property=\"og:image:type\" content=\"image\/jpeg\" \/>\n<meta name=\"twitter:label1\" content=\"Est. reading time\" \/>\n\t<meta name=\"twitter:data1\" content=\"1 minute\" \/>\n<script type=\"application\/ld+json\" class=\"yoast-schema-graph\">{\"@context\":\"https:\/\/schema.org\",\"@graph\":[{\"@type\":\"WebPage\",\"@id\":\"https:\/\/santexpress.qc.ca\/en\/contact-us\/\",\"url\":\"https:\/\/santexpress.qc.ca\/en\/contact-us\/\",\"name\":\"CONTACT US | Groupe Sant\u00e9 Express\",\"isPartOf\":{\"@id\":\"https:\/\/santexpress.qc.ca\/en\/#website\"},\"primaryImageOfPage\":{\"@id\":\"https:\/\/santexpress.qc.ca\/en\/contact-us\/#primaryimage\"},\"image\":{\"@id\":\"https:\/\/santexpress.qc.ca\/en\/contact-us\/#primaryimage\"},\"thumbnailUrl\":\"https:\/\/santexpress.qc.ca\/wp-content\/uploads\/2014\/09\/placeholder-2.jpg\",\"datePublished\":\"2014-10-27T08:38:01+00:00\",\"dateModified\":\"2026-03-31T17:43:34+00:00\",\"description\":\"La clinique Groupe Sant\u00e9 Express ouverts du lundi au samedi d\u00e8s 7 h sur rendez-vous et situ\u00e9e au c\u0153ur de Laval, \u00e0 quelques pas du bureau de devises mondiales.\",\"breadcrumb\":{\"@id\":\"https:\/\/santexpress.qc.ca\/en\/contact-us\/#breadcrumb\"},\"inLanguage\":\"en-US\",\"potentialAction\":[{\"@type\":\"ReadAction\",\"target\":[\"https:\/\/santexpress.qc.ca\/en\/contact-us\/\"]}]},{\"@type\":\"ImageObject\",\"inLanguage\":\"en-US\",\"@id\":\"https:\/\/santexpress.qc.ca\/en\/contact-us\/#primaryimage\",\"url\":\"https:\/\/santexpress.qc.ca\/wp-content\/uploads\/2014\/09\/placeholder-2.jpg\",\"contentUrl\":\"https:\/\/santexpress.qc.ca\/wp-content\/uploads\/2014\/09\/placeholder-2.jpg\",\"width\":640,\"height\":480},{\"@type\":\"BreadcrumbList\",\"@id\":\"https:\/\/santexpress.qc.ca\/en\/contact-us\/#breadcrumb\",\"itemListElement\":[{\"@type\":\"ListItem\",\"position\":1,\"name\":\"Home\",\"item\":\"https:\/\/santexpress.qc.ca\/en\/\"},{\"@type\":\"ListItem\",\"position\":2,\"name\":\"CONTACT US\"}]},{\"@type\":\"WebSite\",\"@id\":\"https:\/\/santexpress.qc.ca\/en\/#website\",\"url\":\"https:\/\/santexpress.qc.ca\/en\/\",\"name\":\"Groupe Sant\u00e9 Express\",\"description\":\"\",\"publisher\":{\"@id\":\"https:\/\/santexpress.qc.ca\/en\/#organization\"},\"potentialAction\":[{\"@type\":\"SearchAction\",\"target\":{\"@type\":\"EntryPoint\",\"urlTemplate\":\"https:\/\/santexpress.qc.ca\/en\/?s={search_term_string}\"},\"query-input\":{\"@type\":\"PropertyValueSpecification\",\"valueRequired\":true,\"valueName\":\"search_term_string\"}}],\"inLanguage\":\"en-US\"},{\"@type\":\"Organization\",\"@id\":\"https:\/\/santexpress.qc.ca\/en\/#organization\",\"name\":\"Le Groupe Sant\u00e9 Express\",\"url\":\"https:\/\/santexpress.qc.ca\/en\/\",\"logo\":{\"@type\":\"ImageObject\",\"inLanguage\":\"en-US\",\"@id\":\"https:\/\/santexpress.qc.ca\/en\/#\/schema\/logo\/image\/\",\"url\":\"https:\/\/santexpress.qc.ca\/wp-content\/uploads\/2022\/04\/logo2.png\",\"contentUrl\":\"https:\/\/santexpress.qc.ca\/wp-content\/uploads\/2022\/04\/logo2.png\",\"width\":250,\"height\":113,\"caption\":\"Le Groupe Sant\u00e9 Express\"},\"image\":{\"@id\":\"https:\/\/santexpress.qc.ca\/en\/#\/schema\/logo\/image\/\"}}]}<\/script>\n<!-- \/ Yoast SEO plugin. -->","yoast_head_json":{"title":"CONTACT US | Groupe Sant\u00e9 Express","description":"La clinique Groupe Sant\u00e9 Express ouverts du lundi au samedi d\u00e8s 7 h sur rendez-vous et situ\u00e9e au c\u0153ur de Laval, \u00e0 quelques pas du bureau de devises mondiales.","robots":{"index":"index","follow":"follow","max-snippet":"max-snippet:-1","max-image-preview":"max-image-preview:large","max-video-preview":"max-video-preview:-1"},"canonical":"https:\/\/santexpress.qc.ca\/en\/contact-us\/","og_locale":"en_US","og_type":"article","og_title":"CONTACT US | Groupe Sant\u00e9 Express","og_description":"La clinique Groupe Sant\u00e9 Express ouverts du lundi au samedi d\u00e8s 7 h sur rendez-vous et situ\u00e9e au c\u0153ur de Laval, \u00e0 quelques pas du bureau de devises mondiales.","og_url":"https:\/\/santexpress.qc.ca\/en\/contact-us\/","og_site_name":"Groupe Sant\u00e9 Express","article_modified_time":"2026-03-31T17:43:34+00:00","og_image":[{"width":640,"height":480,"url":"https:\/\/santexpress.qc.ca\/wp-content\/uploads\/2014\/09\/placeholder-2.jpg","type":"image\/jpeg"}],"twitter_misc":{"Est. reading time":"1 minute"},"schema":{"@context":"https:\/\/schema.org","@graph":[{"@type":"WebPage","@id":"https:\/\/santexpress.qc.ca\/en\/contact-us\/","url":"https:\/\/santexpress.qc.ca\/en\/contact-us\/","name":"CONTACT US | Groupe Sant\u00e9 Express","isPartOf":{"@id":"https:\/\/santexpress.qc.ca\/en\/#website"},"primaryImageOfPage":{"@id":"https:\/\/santexpress.qc.ca\/en\/contact-us\/#primaryimage"},"image":{"@id":"https:\/\/santexpress.qc.ca\/en\/contact-us\/#primaryimage"},"thumbnailUrl":"https:\/\/santexpress.qc.ca\/wp-content\/uploads\/2014\/09\/placeholder-2.jpg","datePublished":"2014-10-27T08:38:01+00:00","dateModified":"2026-03-31T17:43:34+00:00","description":"La clinique Groupe Sant\u00e9 Express ouverts du lundi au samedi d\u00e8s 7 h sur rendez-vous et situ\u00e9e au c\u0153ur de Laval, \u00e0 quelques pas du bureau de devises mondiales.","breadcrumb":{"@id":"https:\/\/santexpress.qc.ca\/en\/contact-us\/#breadcrumb"},"inLanguage":"en-US","potentialAction":[{"@type":"ReadAction","target":["https:\/\/santexpress.qc.ca\/en\/contact-us\/"]}]},{"@type":"ImageObject","inLanguage":"en-US","@id":"https:\/\/santexpress.qc.ca\/en\/contact-us\/#primaryimage","url":"https:\/\/santexpress.qc.ca\/wp-content\/uploads\/2014\/09\/placeholder-2.jpg","contentUrl":"https:\/\/santexpress.qc.ca\/wp-content\/uploads\/2014\/09\/placeholder-2.jpg","width":640,"height":480},{"@type":"BreadcrumbList","@id":"https:\/\/santexpress.qc.ca\/en\/contact-us\/#breadcrumb","itemListElement":[{"@type":"ListItem","position":1,"name":"Home","item":"https:\/\/santexpress.qc.ca\/en\/"},{"@type":"ListItem","position":2,"name":"CONTACT US"}]},{"@type":"WebSite","@id":"https:\/\/santexpress.qc.ca\/en\/#website","url":"https:\/\/santexpress.qc.ca\/en\/","name":"Groupe Sant\u00e9 Express","description":"","publisher":{"@id":"https:\/\/santexpress.qc.ca\/en\/#organization"},"potentialAction":[{"@type":"SearchAction","target":{"@type":"EntryPoint","urlTemplate":"https:\/\/santexpress.qc.ca\/en\/?s={search_term_string}"},"query-input":{"@type":"PropertyValueSpecification","valueRequired":true,"valueName":"search_term_string"}}],"inLanguage":"en-US"},{"@type":"Organization","@id":"https:\/\/santexpress.qc.ca\/en\/#organization","name":"Le Groupe Sant\u00e9 Express","url":"https:\/\/santexpress.qc.ca\/en\/","logo":{"@type":"ImageObject","inLanguage":"en-US","@id":"https:\/\/santexpress.qc.ca\/en\/#\/schema\/logo\/image\/","url":"https:\/\/santexpress.qc.ca\/wp-content\/uploads\/2022\/04\/logo2.png","contentUrl":"https:\/\/santexpress.qc.ca\/wp-content\/uploads\/2022\/04\/logo2.png","width":250,"height":113,"caption":"Le Groupe Sant\u00e9 Express"},"image":{"@id":"https:\/\/santexpress.qc.ca\/en\/#\/schema\/logo\/image\/"}}]}},"coauthors":[],"author_meta":{"author_link":"https:\/\/santexpress.qc.ca\/en\/author\/editor\/","display_name":"editor"},"relative_dates":{"created":"Posted 12 years ago","modified":"Updated 1 month ago"},"absolute_dates":{"created":"Posted on 27 October 2014","modified":"Updated on 31 March 2026"},"absolute_dates_time":{"created":"Posted on 27 October 2014 4 h 38 min","modified":"Updated on 31 March 2026 13 h 43 min"},"featured_img_caption":"","featured_img":"https:\/\/santexpress.qc.ca\/wp-content\/uploads\/2014\/09\/placeholder-2.jpg","series_order":"","_links":{"self":[{"href":"https:\/\/santexpress.qc.ca\/en\/wp-json\/wp\/v2\/pages\/2136"}],"collection":[{"href":"https:\/\/santexpress.qc.ca\/en\/wp-json\/wp\/v2\/pages"}],"about":[{"href":"https:\/\/santexpress.qc.ca\/en\/wp-json\/wp\/v2\/types\/page"}],"author":[{"embeddable":true,"href":"https:\/\/santexpress.qc.ca\/en\/wp-json\/wp\/v2\/users\/5"}],"replies":[{"embeddable":true,"href":"https:\/\/santexpress.qc.ca\/en\/wp-json\/wp\/v2\/comments?post=2136"}],"version-history":[{"count":5,"href":"https:\/\/santexpress.qc.ca\/en\/wp-json\/wp\/v2\/pages\/2136\/revisions"}],"predecessor-version":[{"id":2587,"href":"https:\/\/santexpress.qc.ca\/en\/wp-json\/wp\/v2\/pages\/2136\/revisions\/2587"}],"wp:featuredmedia":[{"embeddable":true,"href":"https:\/\/santexpress.qc.ca\/en\/wp-json\/wp\/v2\/media\/696"}],"wp:attachment":[{"href":"https:\/\/santexpress.qc.ca\/en\/wp-json\/wp\/v2\/media?parent=2136"}],"curies":[{"name":"wp","href":"https:\/\/api.w.org\/{rel}","templated":true}]}}